{"id":262718,"date":"2022-12-06T17:45:03","date_gmt":"2022-12-06T17:45:03","guid":{"rendered":"https:\/\/transact-tech.com\/service-and-support\/boha-conseils-rapides-pour-la-preparation-des-aliments\/"},"modified":"2022-12-06T21:26:22","modified_gmt":"2022-12-06T21:26:22","slug":"boha-conseils-rapides-pour-la-preparation-des-aliments","status":"publish","type":"page","link":"https:\/\/transact-tech.com\/service-and-support\/kb\/boha-ops\/boha-conseils-rapides-pour-la-preparation-des-aliments\/?lang=fr","title":{"rendered":"BOHA! Conseils rapides pour la pr\u00e9paration des aliments"},"content":{"rendered":"<p>[et_pb_section fb_built=&#8221;1&#8243; _builder_version=&#8221;4.18.1&#8243; _module_preset=&#8221;default&#8221; background_color=&#8221;#001122&#8243; custom_padding=&#8221;1px||9px|||&#8221; global_colors_info=&#8221;{}&#8221;][et_pb_row _builder_version=&#8221;4.18.1&#8243; _module_preset=&#8221;default&#8221; global_colors_info=&#8221;{}&#8221;][et_pb_column type=&#8221;4_4&#8243; _builder_version=&#8221;4.18.1&#8243; _module_preset=&#8221;default&#8221; global_colors_info=&#8221;{}&#8221;][et_pb_text _builder_version=&#8221;4.19.1&#8243; _module_preset=&#8221;default&#8221; header_font=&#8221;Montserrat|700||on|||||&#8221; header_text_align=&#8221;center&#8221; header_text_color=&#8221;#FFFFFF&#8221; header_font_size=&#8221;45px&#8221; custom_margin=&#8221;||0px|||&#8221; global_colors_info=&#8221;{}&#8221;]<\/p>\n<h1>BOHA! Conseils rapides pour la pr\u00e9paration des aliments<\/h1>\n<p>[\/et_pb_text][\/et_pb_column][\/et_pb_row][\/et_pb_section][et_pb_section fb_built=&#8221;1&#8243; _builder_version=&#8221;4.19.1&#8243; _module_preset=&#8221;default&#8221; custom_padding=&#8221;30px||30px||true|false&#8221; global_colors_info=&#8221;{}&#8221;][et_pb_row use_custom_gutter=&#8221;on&#8221; make_equal=&#8221;on&#8221; _builder_version=&#8221;4.19.1&#8243; _module_preset=&#8221;default&#8221; max_width=&#8221;980px&#8221; module_alignment=&#8221;center&#8221; custom_padding=&#8221;0px||||false|false&#8221; global_colors_info=&#8221;{}&#8221;][et_pb_column type=&#8221;4_4&#8243; _builder_version=&#8221;4.18.1&#8243; _module_preset=&#8221;default&#8221; global_colors_info=&#8221;{}&#8221;][et_pb_text _builder_version=&#8221;4.19.1&#8243; _module_preset=&#8221;default&#8221; global_colors_info=&#8221;{}&#8221;]<\/p>\n<ol>\n<li><span>Les modifications apport\u00e9es au programme de pr\u00e9paration aujourd&#8217;hui n&#8217;appara\u00eetront pas avant la session de pr\u00e9paration de demain.<\/span><\/li>\n<li><span>Si vous avez besoin d&#8217;ajuster la pr\u00e9paration d&#8217;aujourd&#8217;hui avec des \u00e9l\u00e9ments suppl\u00e9mentaires, vous devrez cr\u00e9er une session de pr\u00e9paration non programm\u00e9e.<\/span><\/li>\n<li><span>En effectuant un comptage sur place avant de commencer la session de pr\u00e9paration, vous r\u00e9duirez la sur-pr\u00e9paration et le gaspillage alimentaire.<\/span><\/li>\n<\/ol>\n<p>[\/et_pb_text][\/et_pb_column][\/et_pb_row][\/et_pb_section]<\/p>\n","protected":false},"excerpt":{"rendered":"<p>BOHA! Conseils rapides pour la pr\u00e9paration des aliments Les modifications apport\u00e9es au programme de pr\u00e9paration aujourd&#8217;hui n&#8217;appara\u00eetront pas avant la session de pr\u00e9paration de demain. Si vous avez besoin d&#8217;ajuster la pr\u00e9paration d&#8217;aujourd&#8217;hui avec des \u00e9l\u00e9ments suppl\u00e9mentaires, vous devrez cr\u00e9er une session de pr\u00e9paration non programm\u00e9e. En effectuant un comptage sur place avant de commencer la session de pr\u00e9paration, vous r\u00e9duirez la sur-pr\u00e9paration et le gaspillage alimentaire.<\/p>\n","protected":false},"author":1,"featured_media":0,"parent":262829,"menu_order":0,"comment_status":"closed","ping_status":"closed","template":"","meta":{"_et_pb_use_builder":"on","_et_pb_old_content":"","_et_gb_content_width":"","_relevanssi_hide_post":"","_relevanssi_hide_content":"","_relevanssi_pin_for_all":"","_relevanssi_pin_keywords":"","_relevanssi_unpin_keywords":"","_relevanssi_related_keywords":"","_relevanssi_related_include_ids":"","_relevanssi_related_exclude_ids":"","_relevanssi_related_no_append":"","_relevanssi_related_not_related":"","_relevanssi_related_posts":"","_relevanssi_noindex_reason":"","_coblocks_attr":"","_coblocks_dimensions":"","_coblocks_responsive_height":"","_coblocks_accordion_ie_support":"","footnotes":""},"class_list":["post-262718","page","type-page","status-publish","hentry"],"_links":{"self":[{"href":"https:\/\/transact-tech.com\/service-and-support\/wp-json\/wp\/v2\/pages\/262718","targetHints":{"allow":["GET"]}}],"collection":[{"href":"https:\/\/transact-tech.com\/service-and-support\/wp-json\/wp\/v2\/pages"}],"about":[{"href":"https:\/\/transact-tech.com\/service-and-support\/wp-json\/wp\/v2\/types\/page"}],"author":[{"embeddable":true,"href":"https:\/\/transact-tech.com\/service-and-support\/wp-json\/wp\/v2\/users\/1"}],"replies":[{"embeddable":true,"href":"https:\/\/transact-tech.com\/service-and-support\/wp-json\/wp\/v2\/comments?post=262718"}],"version-history":[{"count":0,"href":"https:\/\/transact-tech.com\/service-and-support\/wp-json\/wp\/v2\/pages\/262718\/revisions"}],"up":[{"embeddable":true,"href":"https:\/\/transact-tech.com\/service-and-support\/wp-json\/wp\/v2\/pages\/262829"}],"wp:attachment":[{"href":"https:\/\/transact-tech.com\/service-and-support\/wp-json\/wp\/v2\/media?parent=262718"}],"curies":[{"name":"wp","href":"https:\/\/api.w.org\/{rel}","templated":true}]}}