{"id":268220,"date":"2024-05-02T22:12:10","date_gmt":"2024-05-02T22:12:10","guid":{"rendered":"https:\/\/transact-tech.com\/service-and-support\/wpml-1\/"},"modified":"2024-05-02T22:15:59","modified_gmt":"2024-05-02T22:15:59","slug":"wpml-1","status":"publish","type":"page","link":"https:\/\/transact-tech.com\/service-and-support\/wpml-1\/?lang=fr","title":{"rendered":"WPML 1"},"content":{"rendered":"<p>[et_pb_section fb_built=&#8221;1&#8243; theme_builder_area=&#8221;post_content&#8221; _builder_version=&#8221;4.25.0&#8243; _module_preset=&#8221;default&#8221;][et_pb_row _builder_version=&#8221;4.25.0&#8243; _module_preset=&#8221;default&#8221; theme_builder_area=&#8221;post_content&#8221;][et_pb_column _builder_version=&#8221;4.25.0&#8243; _module_preset=&#8221;default&#8221; type=&#8221;4_4&#8243; theme_builder_area=&#8221;post_content&#8221;][et_pb_text _builder_version=&#8221;4.25.0&#8243; _module_preset=&#8221;default&#8221; theme_builder_area=&#8221;post_content&#8221; hover_enabled=&#8221;0&#8243; sticky_enabled=&#8221;0&#8243;]<\/p>\n<h1>C&#8217;EST UN TEST<\/h1>\n<p>Votre contenu est plac\u00e9 ici. Modifiez ou supprimez ce texte en ligne ou dans les param\u00e8tres de contenu du module. Vous pouvez \u00e9galement styliser chaque aspect de ce contenu dans le module Param\u00e8tres de conception et m\u00eame appliquer une feuille de style CSS personnalis\u00e9e \u00e0 ce texte dans le module Param\u00e8tres avanc\u00e9s.<\/p>\n<p>[\/et_pb_text][\/et_pb_column][\/et_pb_row][\/et_pb_section]<\/p>\n","protected":false},"excerpt":{"rendered":"<p>C&#8217;EST UN TEST Votre contenu est plac\u00e9 ici. Modifiez ou supprimez ce texte en ligne ou dans les param\u00e8tres de contenu du module. Vous pouvez \u00e9galement styliser chaque aspect de ce contenu dans le module Param\u00e8tres de conception et m\u00eame appliquer une feuille de style CSS personnalis\u00e9e \u00e0 ce texte dans le module Param\u00e8tres avanc\u00e9s.<\/p>\n","protected":false},"author":7,"featured_media":0,"parent":0,"menu_order":0,"comment_status":"closed","ping_status":"closed","template":"","meta":{"_et_pb_use_builder":"on","_et_pb_old_content":"","_et_gb_content_width":"","_relevanssi_hide_post":"","_relevanssi_hide_content":"","_relevanssi_pin_for_all":"","_relevanssi_pin_keywords":"","_relevanssi_unpin_keywords":"","_relevanssi_related_keywords":"","_relevanssi_related_include_ids":"","_relevanssi_related_exclude_ids":"","_relevanssi_related_no_append":"","_relevanssi_related_not_related":"","_relevanssi_related_posts":"","_relevanssi_noindex_reason":"","_coblocks_attr":"","_coblocks_dimensions":"","_coblocks_responsive_height":"","_coblocks_accordion_ie_support":"","footnotes":""},"class_list":["post-268220","page","type-page","status-publish","hentry"],"_links":{"self":[{"href":"https:\/\/transact-tech.com\/service-and-support\/wp-json\/wp\/v2\/pages\/268220","targetHints":{"allow":["GET"]}}],"collection":[{"href":"https:\/\/transact-tech.com\/service-and-support\/wp-json\/wp\/v2\/pages"}],"about":[{"href":"https:\/\/transact-tech.com\/service-and-support\/wp-json\/wp\/v2\/types\/page"}],"author":[{"embeddable":true,"href":"https:\/\/transact-tech.com\/service-and-support\/wp-json\/wp\/v2\/users\/7"}],"replies":[{"embeddable":true,"href":"https:\/\/transact-tech.com\/service-and-support\/wp-json\/wp\/v2\/comments?post=268220"}],"version-history":[{"count":0,"href":"https:\/\/transact-tech.com\/service-and-support\/wp-json\/wp\/v2\/pages\/268220\/revisions"}],"wp:attachment":[{"href":"https:\/\/transact-tech.com\/service-and-support\/wp-json\/wp\/v2\/media?parent=268220"}],"curies":[{"name":"wp","href":"https:\/\/api.w.org\/{rel}","templated":true}]}}